{"id":882,"date":"2017-10-03T08:14:57","date_gmt":"2017-10-03T08:14:57","guid":{"rendered":"https:\/\/velikorodnov.com\/dev\/owlhouse\/?page_id=882"},"modified":"2023-01-23T07:56:55","modified_gmt":"2023-01-23T07:56:55","slug":"home-1","status":"publish","type":"page","link":"https:\/\/lisel.edu.ec\/web\/","title":{"rendered":"INICIO"},"content":{"rendered":"<p>[vc_row][vc_column][rev_slider_vc alias=&#8221;slider1&#8243;][\/vc_column][\/vc_row][vc_row css=&#8221;.vc_custom_1506515745766{margin-top: 0px !important;margin-bottom: 0px !important;padding-top: 0px !important;padding-bottom: 0px !important;}&#8221;][vc_column css=&#8221;.vc_custom_1506515782918{margin-top: -100px !important;}&#8221;][vc_mad_welcome_list values=&#8221;%5B%7B%22image%22%3A%222002%22%2C%22label%22%3A%22Nuestra%20Identidad%22%2C%22link%22%3A%22url%3Ahttps%253A%252F%252Flisel.edu.ec%252Fweb%252Fnosotros%252F%7Ctitle%3ALeer%2520m%25C3%25A1s%22%2C%22value%22%3A%22Formamos%20j%C3%B3venes%20integrales%2C%20felices%20y%20comprometidos%20con%20la%20innovaci%C3%B3n%2C%20el%20emprendimiento%20y%20la%20sostenibilidad&#8230;%20%22%2C%22bg_color%22%3A%22%23a6c437%22%2C%22icon_color%22%3A%22%239bbc31%22%2C%22icon%22%3A%22licon-glass2%22%7D%2C%7B%22image%22%3A%221474%22%2C%22label%22%3A%22Modelo%20Pedag%C3%B3gico%22%2C%22link%22%3A%22url%3Ahttps%253A%252F%252Flisel.edu.ec%252Fweb%252Fmodelo-pedagogico%252F%7Ctitle%3ALeer%2520m%25C3%25A1s%22%2C%22value%22%3A%22Desarrollista%20es%20un%20modelo%20pedag%C3%B3gico%20eje%20fundamental%20es%20aprender%20haciendo%20%5C%22Learning%20By%20Doing%5C%22%22%2C%22bg_color%22%3A%22%23ffbd0a%22%2C%22icon_color%22%3A%22%23efb821%22%2C%22icon%22%3A%22licon-register%22%7D%2C%7B%22image%22%3A%221472%22%2C%22label%22%3A%22Nuestros%20Talleres%22%2C%22link%22%3A%22url%3Ahttps%253A%252F%252Flisel.edu.ec%252Fweb%252Fnuestros-talleres%7Ctitle%3ALeer%2520m%25C3%25A1s%22%2C%22value%22%3A%22Potenciamos%20los%20dones%20y%20talentos%20%C3%BAnicos%20que%20hacen%20de%20tu%20hijo%20%C3%BAnico%20en%20el%20universo%2C%20para%20el%20efecto%20te%20ofrecemos&#8230;.%20%22%2C%22bg_color%22%3A%22%23f05a21%22%2C%22icon_color%22%3A%22%23ee511e%22%2C%22icon%22%3A%22licon-soccer%22%7D%5D&#8221; columns=&#8221;fx-col-3&#8243;][\/vc_column][\/vc_row][vc_row equal_height=&#8221;yes&#8221; css=&#8221;.vc_custom_1631087929283{padding-top: 90px !important;padding-bottom: 70px !important;}&#8221;][vc_column width=&#8221;1\/12&#8243; offset=&#8221;vc_col-lg-8 vc_col-md-12 vc_col-xs-12&#8243; css=&#8221;.vc_custom_1631088193985{padding-top: 30px !important;padding-right: 30px !important;padding-bottom: 30px !important;padding-left: 30px !important;background-color: #f4f4f4 !important;}&#8221;][vc_column_text css=&#8221;.vc_custom_1631088363426{margin-bottom: 25px !important;padding-bottom: 0px !important;}&#8221;]<\/p>\n<blockquote>\n<p style=\"text-align: justify;\"><em><strong><span style=\"color: #000000;\">Estamos educando a nuestros hijos con la filosof\u00eda de LISEL para mantener su desarrollo f\u00edsico y mental y para ser felices y exitosos en sus vidas futuras.<\/span><\/strong><\/em><\/p>\n<\/blockquote>\n<p>[\/vc_column_text][vc_custom_heading text=&#8221;BIENVENIDOS&#8221; font_container=&#8221;tag:h4|font_size:40px|text_align:left|color:%2320c3c9&#8243; with_border=&#8221;1&#8243;][vc_column_text css=&#8221;.vc_custom_1631314816354{margin-bottom: 50px !important;padding-bottom: 0px !important;}&#8221;]<\/p>\n<p style=\"text-align: justify;\">Te damos la bienvenida a la gran familia <strong>LIDIA SEVILLA LE\u00d3N<\/strong>\u00a0donde nuestro principal objetivo es educar a sus hijos con cari\u00f1o y respeto en un ambiente\u00a0 seguro, id\u00f3neo para despertar la estimulaci\u00f3n y desarrollo de las capacidades en los peque\u00f1os y en los m\u00e1s grandes descubrir sus habilidades para que puedan emprender por ellos mismos.<\/p>\n<p>[\/vc_column_text][\/vc_column][vc_column parallax=&#8221;content-moving&#8221; parallax_image=&#8221;1488&#8243; width=&#8221;1\/2&#8243; offset=&#8221;vc_col-lg-4 vc_col-md-12 vc_col-xs-12&#8243;][vc_empty_space height=&#8221;350px&#8221;][\/vc_column][\/vc_row][vc_row full_width=&#8221;stretch_row&#8221; content_placement=&#8221;middle&#8221; parallax=&#8221;content-moving&#8221; parallax_image=&#8221;1492&#8243; css=&#8221;.vc_custom_1631093888546{padding-top: 70px !important;padding-bottom: 55px !important;}&#8221;][vc_column][vc_custom_heading text=&#8221;Te lo cuentan algunos de nuestros padres de familia&#8221; font_container=&#8221;tag:h3|text_align:center|color:%23ffffff&#8221;][vc_empty_space height=&#8221;20px&#8221;][vc_row_inner][vc_column_inner width=&#8221;1\/4&#8243;][\/vc_column_inner][vc_column_inner width=&#8221;1\/2&#8243;][vc_column_text]<\/p>\n<p><center><iframe loading=\"lazy\" title=\"YouTube video player\" src=\"https:\/\/www.youtube.com\/embed\/bmiijVEOtWY?rel=0\" width=\"600px\" height=\"400px\" frameborder=\"0\"><\/iframe><\/center>[\/vc_column_text][\/vc_column_inner][vc_column_inner width=&#8221;1\/4&#8243;][\/vc_column_inner][\/vc_row_inner][\/vc_column][\/vc_row][vc_row full_width=&#8221;stretch_row&#8221; content_placement=&#8221;middle&#8221; parallax=&#8221;content-moving&#8221; parallax_image=&#8221;2011&#8243; css=&#8221;.vc_custom_1674460610514{padding-top: 70px !important;padding-bottom: 55px !important;}&#8221; el_id=&#8221;iconos2&#8243;][vc_column][vc_mad_info_block tag_title=&#8221;h2&#8243; title_align=&#8221;align-center&#8221; description_align=&#8221;align-center&#8221; type=&#8221;type-2&#8243; columns=&#8221;3&#8243; font_container_title=&#8221;tag:h2|text_align:left|color:%23ffffff&#8221; font_container_description=&#8221;text_align:center|color:%23ffffff&#8221; title=&#8221;Nuestro plan de estudios&#8221; description=&#8221;Hemos innovando el modelo educativo&#8221; title_color=&#8221;#ffffff&#8221; description_color=&#8221;#ffffff&#8221;][vc_mad_info_block_item icon=&#8221;licon-heart&#8221; title=&#8221;Valores&#8221; icon_color=&#8221;#ffffff&#8221; title_item_color=&#8221;#ffffff&#8221;][\/vc_mad_info_block_item][vc_mad_info_block_item icon=&#8221;licon-brain&#8221; title=&#8221;Neuroling\u00fc\u00edstica&#8221; icon_color=&#8221;#ffffff&#8221; title_item_color=&#8221;#ffffff&#8221;][\/vc_mad_info_block_item][vc_mad_info_block_item icon=&#8221;licon-laptop-phone&#8221; title=&#8221;Tecnolog\u00eda&#8221; icon_color=&#8221;#ffffff&#8221; title_item_color=&#8221;#ffffff&#8221;][\/vc_mad_info_block_item][vc_mad_info_block_item icon=&#8221;licon-earth&#8221; title=&#8221;Idiomas&#8221; icon_color=&#8221;#ffffff&#8221; title_item_color=&#8221;#ffffff&#8221;][\/vc_mad_info_block_item][vc_mad_info_block_item icon=&#8221;licon-lamp&#8221; title=&#8221;Emprendimiento&#8221; icon_color=&#8221;#ffffff&#8221; title_item_color=&#8221;#ffffff&#8221;][\/vc_mad_info_block_item][vc_mad_info_block_item icon=&#8221;licon-group-work&#8221; title=&#8221;Comunicaci\u00f3n asertiva&#8221; icon_color=&#8221;#ffffff&#8221; title_item_color=&#8221;#ffffff&#8221;][\/vc_mad_info_block_item][\/vc_mad_info_block][\/vc_column][\/vc_row]<\/p>\n","protected":false},"excerpt":{"rendered":"<p>[vc_row][vc_column][rev_slider_vc alias=&#8221;slider1&#8243;][\/vc_column][\/vc_row][vc_row css=&#8221;.vc_custom_1506515745766{margin-top: 0px !important;margin-bottom: 0px !important;padding-top: 0px !important;padding-bottom: 0px !important;}&#8221;][vc_column css=&#8221;.vc_custom_1506515782918{margin-top: -100px !important;}&#8221;][vc_mad_welcome_list values=&#8221;%5B%7B%22image%22%3A%222002%22%2C%22label%22%3A%22Nuestra%20Identidad%22%2C%22link%22%3A%22url%3Ahttps%253A%252F%252Flisel.edu.ec%252Fweb%252Fnosotros%252F%7Ctitle%3ALeer%2520m%25C3%25A1s%22%2C%22value%22%3A%22Formamos%20j%C3%B3venes%20integrales%2C%20felices%20y%20comprometidos%20con%20la%20innovaci%C3%B3n%2C%20el%20emprendimiento%20y%20la%20sostenibilidad&#8230;%20%22%2C%22bg_color%22%3A%22%23a6c437%22%2C%22icon_color%22%3A%22%239bbc31%22%2C%22icon%22%3A%22licon-glass2%22%7D%2C%7B%22image%22%3A%221474%22%2C%22label%22%3A%22Modelo%20Pedag%C3%B3gico%22%2C%22link%22%3A%22url%3Ahttps%253A%252F%252Flisel.edu.ec%252Fweb%252Fmodelo-pedagogico%252F%7Ctitle%3ALeer%2520m%25C3%25A1s%22%2C%22value%22%3A%22Desarrollista%20es%20un%20modelo%20pedag%C3%B3gico%20eje%20fundamental%20es%20aprender%20haciendo%20%5C%22Learning%20By%20Doing%5C%22%22%2C%22bg_color%22%3A%22%23ffbd0a%22%2C%22icon_color%22%3A%22%23efb821%22%2C%22icon%22%3A%22licon-register%22%7D%2C%7B%22image%22%3A%221472%22%2C%22label%22%3A%22Nuestros%20Talleres%22%2C%22link%22%3A%22url%3Ahttps%253A%252F%252Flisel.edu.ec%252Fweb%252Fnuestros-talleres%7Ctitle%3ALeer%2520m%25C3%25A1s%22%2C%22value%22%3A%22Potenciamos%20los%20dones%20y%20talentos%20%C3%BAnicos%20que%20hacen%20de%20tu%20hijo%20%C3%BAnico%20en%20el%20universo%2C%20para%20el%20efecto%20te%20ofrecemos&#8230;.%20%22%2C%22bg_color%22%3A%22%23f05a21%22%2C%22icon_color%22%3A%22%23ee511e%22%2C%22icon%22%3A%22licon-soccer%22%7D%5D&#8221; columns=&#8221;fx-col-3&#8243;][\/vc_column][\/vc_row][vc_row equal_height=&#8221;yes&#8221; css=&#8221;.vc_custom_1631087929283{padding-top: 90px !important;padding-bottom: 70px !important;}&#8221;][vc_column width=&#8221;1\/12&#8243; offset=&#8221;vc_col-lg-8 vc_col-md-12 vc_col-xs-12&#8243; css=&#8221;.vc_custom_1631088193985{padding-top: 30px !important;padding-right: 30px [&hellip;]<\/p>\n","protected":false},"author":2,"featured_media":0,"parent":0,"menu_order":0,"comment_status":"closed","ping_status":"closed","template":"","meta":{"_joinchat":{"telephone":"+593980578733"},"footnotes":""},"class_list":["post-882","page","type-page","status-publish","hentry"],"_links":{"self":[{"href":"https:\/\/lisel.edu.ec\/web\/wp-json\/wp\/v2\/pages\/882","targetHints":{"allow":["GET"]}}],"collection":[{"href":"https:\/\/lisel.edu.ec\/web\/wp-json\/wp\/v2\/pages"}],"about":[{"href":"https:\/\/lisel.edu.ec\/web\/wp-json\/wp\/v2\/types\/page"}],"author":[{"embeddable":true,"href":"https:\/\/lisel.edu.ec\/web\/wp-json\/wp\/v2\/users\/2"}],"replies":[{"embeddable":true,"href":"https:\/\/lisel.edu.ec\/web\/wp-json\/wp\/v2\/comments?post=882"}],"version-history":[{"count":93,"href":"https:\/\/lisel.edu.ec\/web\/wp-json\/wp\/v2\/pages\/882\/revisions"}],"predecessor-version":[{"id":2012,"href":"https:\/\/lisel.edu.ec\/web\/wp-json\/wp\/v2\/pages\/882\/revisions\/2012"}],"wp:attachment":[{"href":"https:\/\/lisel.edu.ec\/web\/wp-json\/wp\/v2\/media?parent=882"}],"curies":[{"name":"wp","href":"https:\/\/api.w.org\/{rel}","templated":true}]}}