{"id":48,"date":"2017-08-15T11:45:01","date_gmt":"2017-08-15T11:45:01","guid":{"rendered":"https:\/\/velikorodnov.com\/dev\/owlhouse\/?page_id=48"},"modified":"2023-01-23T09:11:17","modified_gmt":"2023-01-23T09:11:17","slug":"contactanos","status":"publish","type":"page","link":"https:\/\/lisel.edu.ec\/web\/contactanos\/","title":{"rendered":"Cont\u00e1ctanos"},"content":{"rendered":"<p>[vc_row][vc_column][vc_empty_space][vc_custom_heading text=&#8221;Datos de Contacto&#8221; font_container=&#8221;tag:h3|text_align:center|color:%230d437a&#8221;][vc_mad_info_block tag_title=&#8221;h3&#8243; type=&#8221;type-4 style-2&#8243; columns=&#8221;4&#8243; title_color=&#8221;#f05e21&#8243; icon_color=&#8221;#f05e21&#8243;][vc_mad_info_block_item icon=&#8221;licon-map-marker&#8221; title=&#8221;Direcci\u00f3n&#8221; link=&#8221;|||&#8221;]<strong>Inicial:<\/strong> Alfonso Almeida y Crist\u00f3bal G\u00f3mezjurado, diagonal al SECAP<\/p>\n<p><strong>Nueva sede:<\/strong> San Antonio de Ibarra, Calle Los laureles S\/N (A tres cuadras del puente petonal de San Antonio)[\/vc_mad_info_block_item][vc_mad_info_block_item icon=&#8221;licon-telephone&#8221; title=&#8221;Tel\u00e9fono&#8221; link=&#8221;|||&#8221;]098 057 8733[\/vc_mad_info_block_item][vc_mad_info_block_item icon=&#8221;licon-at-sign&#8221; title=&#8221;Email&#8221; link=&#8221;|||&#8221;]<a class=\"link-text\" href=\"mailto:admisiones@lisel.edu.ec\">admisiones@lisel.edu.ec<\/a>[\/vc_mad_info_block_item][vc_mad_info_block_item icon=&#8221;licon-share2&#8243; title=&#8221;Mantente conectado&#8221; link=&#8221;|||&#8221; url_facebook=&#8221;https:\/\/www.facebook.com\/liseloficial&#8221; url_instagram=&#8221;https:\/\/instagram.com\/lisel_oficial?utm_medium=copy_link&#8221; url_youtube=&#8221;https:\/\/www.facebook.com\/liseloficial&#8221;][\/vc_mad_info_block_item][\/vc_mad_info_block][vc_empty_space][\/vc_column][\/vc_row][vc_row equal_height=&#8221;yes&#8221;][vc_column parallax=&#8221;content-moving&#8221; parallax_image=&#8221;2050&#8243; width=&#8221;1\/3&#8243;][vc_empty_space height=&#8221;400px&#8221;][\/vc_column][vc_column width=&#8221;2\/3&#8243; css=&#8221;.vc_custom_1631129677422{padding-top: 50px !important;padding-right: 45px !important;padding-bottom: 55px !important;padding-left: 57px !important;background-color: #f2f2f2 !important;}&#8221;][vc_column_text css=&#8221;.vc_custom_1631129432382{margin-bottom: 20px !important;padding-bottom: 0px !important;}&#8221;]<\/p>\n<h3><span style=\"color: #0b3e70;\">\u00a1Nos encantar\u00eda conversar contigo!<\/span><\/h3>\n<p>Si tiene alguna pregunta, ll\u00e1menos o complete el siguiente formulario\u00a0 y nos comunicaremos lo m\u00e1s pronto con usted.[\/vc_column_text]<div role=\"form\" class=\"wpcf7\" id=\"wpcf7-f460-o1\" lang=\"en-US\" dir=\"ltr\">\n<div class=\"screen-reader-response\"><p role=\"status\" aria-live=\"polite\" aria-atomic=\"true\"><\/p> <ul><\/ul><\/div>\n<form action=\"\/web\/wp-json\/wp\/v2\/pages\/48#wpcf7-f460-o1\" method=\"post\" class=\"wpcf7-form init\" novalidate=\"novalidate\" data-status=\"init\">\n<div style=\"display: none;\">\n<input type=\"hidden\" name=\"_wpcf7\" value=\"460\" \/>\n<input type=\"hidden\" name=\"_wpcf7_version\" value=\"5.6\" \/>\n<input type=\"hidden\" name=\"_wpcf7_locale\" value=\"en_US\" \/>\n<input type=\"hidden\" name=\"_wpcf7_unit_tag\" value=\"wpcf7-f460-o1\" \/>\n<input type=\"hidden\" name=\"_wpcf7_container_post\" value=\"0\" \/>\n<input type=\"hidden\" name=\"_wpcf7_posted_data_hash\" value=\"\" \/>\n<\/div>\n<div class=\"contact-form flex-type\">\n<div class=\"contact-col-2\"><span class=\"wpcf7-form-control-wrap\" data-name=\"your-name\"><input type=\"text\" name=\"your-name\" value=\"\" size=\"40\" class=\"wpcf7-form-control wpcf7-text wpcf7-validates-as-required\" aria-required=\"true\" aria-invalid=\"false\" placeholder=\"Nombre (requerido)\" \/><\/span><\/div>\n<div class=\"contact-col-2\"><span class=\"wpcf7-form-control-wrap\" data-name=\"your-email\"><input type=\"email\" name=\"your-email\" value=\"\" size=\"40\" class=\"wpcf7-form-control wpcf7-text wpcf7-email wpcf7-validates-as-required wpcf7-validates-as-email\" aria-required=\"true\" aria-invalid=\"false\" placeholder=\"Email (requerido)\" \/><\/span><\/div>\n<div class=\"contact-col\"><span class=\"wpcf7-form-control-wrap\" data-name=\"your-subject\"><input type=\"text\" name=\"your-subject\" value=\"\" size=\"40\" class=\"wpcf7-form-control wpcf7-text\" aria-invalid=\"false\" placeholder=\"Asunto\" \/><\/span><\/div>\n<div class=\"contact-col\"><span class=\"wpcf7-form-control-wrap\" data-name=\"your-message\"><textarea name=\"your-message\" cols=\"40\" rows=\"10\" class=\"wpcf7-form-control wpcf7-textarea wpcf7-validates-as-required\" aria-required=\"true\" aria-invalid=\"false\" placeholder=\"Pregunta \/ Comentario (requerido)\"><\/textarea><\/span><\/div>\n<p><input type=\"submit\" value=\"Enviar Formulario\" class=\"wpcf7-form-control has-spinner wpcf7-submit\" \/>\n<\/p><\/div>\n<div class=\"wpcf7-response-output\" aria-hidden=\"true\"><\/div><\/form><\/div>[\/vc_column][\/vc_row]<\/p>\n","protected":false},"excerpt":{"rendered":"<p>[vc_row][vc_column][vc_empty_space][vc_custom_heading text=&#8221;Datos de Contacto&#8221; font_container=&#8221;tag:h3|text_align:center|color:%230d437a&#8221;][vc_mad_info_block tag_title=&#8221;h3&#8243; type=&#8221;type-4 style-2&#8243; columns=&#8221;4&#8243; title_color=&#8221;#f05e21&#8243; icon_color=&#8221;#f05e21&#8243;][vc_mad_info_block_item icon=&#8221;licon-map-marker&#8221; title=&#8221;Direcci\u00f3n&#8221; link=&#8221;|||&#8221;]Inicial: Alfonso Almeida y Crist\u00f3bal G\u00f3mezjurado, diagonal al SECAP Nueva sede: San Antonio de Ibarra, Calle Los [&hellip;]<\/p>\n","protected":false},"author":2,"featured_media":0,"parent":0,"menu_order":0,"comment_status":"closed","ping_status":"closed","template":"","meta":{"_joinchat":[],"footnotes":""},"class_list":["post-48","page","type-page","status-publish","hentry"],"_links":{"self":[{"href":"https:\/\/lisel.edu.ec\/web\/wp-json\/wp\/v2\/pages\/48","targetHints":{"allow":["GET"]}}],"collection":[{"href":"https:\/\/lisel.edu.ec\/web\/wp-json\/wp\/v2\/pages"}],"about":[{"href":"https:\/\/lisel.edu.ec\/web\/wp-json\/wp\/v2\/types\/page"}],"author":[{"embeddable":true,"href":"https:\/\/lisel.edu.ec\/web\/wp-json\/wp\/v2\/users\/2"}],"replies":[{"embeddable":true,"href":"https:\/\/lisel.edu.ec\/web\/wp-json\/wp\/v2\/comments?post=48"}],"version-history":[{"count":20,"href":"https:\/\/lisel.edu.ec\/web\/wp-json\/wp\/v2\/pages\/48\/revisions"}],"predecessor-version":[{"id":2051,"href":"https:\/\/lisel.edu.ec\/web\/wp-json\/wp\/v2\/pages\/48\/revisions\/2051"}],"wp:attachment":[{"href":"https:\/\/lisel.edu.ec\/web\/wp-json\/wp\/v2\/media?parent=48"}],"curies":[{"name":"wp","href":"https:\/\/api.w.org\/{rel}","templated":true}]}}