{"id":1719,"date":"2021-09-08T18:53:41","date_gmt":"2021-09-08T18:53:41","guid":{"rendered":"https:\/\/lisel.edu.ec\/web\/?page_id=1719"},"modified":"2023-01-23T08:58:57","modified_gmt":"2023-01-23T08:58:57","slug":"clubes-permanentes","status":"publish","type":"page","link":"https:\/\/lisel.edu.ec\/web\/clubes-permanentes\/","title":{"rendered":"Clubes Permanentes"},"content":{"rendered":"<p>[vc_row equal_height=&#8221;yes&#8221; css=&#8221;.vc_custom_1631126228705{background-color: #fafafa !important;}&#8221;][vc_column parallax=&#8221;content-moving&#8221; parallax_image=&#8221;1893&#8243; parallax_speed_bg=&#8221;1.3&#8243; width=&#8221;1\/2&#8243;][vc_empty_space height=&#8221;500px&#8221;][\/vc_column][vc_column width=&#8221;1\/2&#8243; css=&#8221;.vc_custom_1643670729913{padding-top: 45px !important;padding-right: 40px !important;padding-bottom: 25px !important;padding-left: 40px !important;}&#8221;][vc_custom_heading source=&#8221;post_title&#8221; font_container=&#8221;tag:h2|text_align:left|color:%23003360&#8243;][vc_column_text]Potenciamos los dones y talentos naturales que hacen de tu hijo \u00fanico en el universo, para el efecto te ofrecemos:<\/p>\n<ul>\n<li>Orientaci\u00f3n al estudiante<\/li>\n<li>Desarrollo de competencias<\/li>\n<li>Innovaci\u00f3n<\/li>\n<li>Calidad<\/li>\n<li>Personal altamente calificado<\/li>\n<li>Investigaci\u00f3n<\/li>\n<li>Proyecto de vida<\/li>\n<li>Excelente ambiente escolar<\/li>\n<li>Biling\u00fcismo<\/li>\n<li>Campus amplio y confortable<\/li>\n<li>Precio competitivo<\/li>\n<\/ul>\n<p>[\/vc_column_text][vc_empty_space height=&#8221;47px&#8221;][vc_column_text]<\/p>\n<h4><span style=\"color: #003366;\"><strong>FORMAMOS EMPRENDEDORES:<\/strong><\/span><\/h4>\n<p>Todos los talentos que cultivamos en sus hijos est\u00e1n encaminados a formar emprendedores: la sociedad necesita que descubramos el don \u00fanico de tu hijo y lo potenciemos al m\u00e1ximo.[\/vc_column_text][\/vc_column][\/vc_row][vc_row][vc_column][vc_empty_space height=&#8221;50px&#8221;][vc_images_carousel images=&#8221;1889,2042,1888,1886,1885,1884,1883,1891,1892&#8243; img_size=&#8221;full&#8221; speed=&#8221;3000&#8243; slides_per_view=&#8221;3&#8243; autoplay=&#8221;yes&#8221; hide_pagination_control=&#8221;yes&#8221; wrap=&#8221;yes&#8221;][vc_empty_space height=&#8221;100px&#8221;][\/vc_column][\/vc_row][vc_row full_width=&#8221;stretch_row&#8221; content_placement=&#8221;middle&#8221; parallax=&#8221;content-moving&#8221; parallax_image=&#8221;328&#8243; css=&#8221;.vc_custom_1631118384430{margin-top: -20px !important;padding-top: 90px !important;padding-bottom: 70px !important;}&#8221; el_id=&#8221;iconos2&#8243;][vc_column][vc_mad_info_block tag_title=&#8221;h2&#8243; title_align=&#8221;align-center&#8221; description_align=&#8221;align-center&#8221; type=&#8221;type-2&#8243; columns=&#8221;3&#8243; title_color=&#8221;#ffffff&#8221; description_color=&#8221;#e9e9e9&#8243; title=&#8221;Nuestro plan de estudios&#8221; description=&#8221;Hemos innovando el modelo educativo&#8221;][vc_mad_info_block_item icon=&#8221;licon-heart&#8221; title=&#8221;Valores&#8221; icon_color=&#8221;#ffffff&#8221; title_item_color=&#8221;#ffffff&#8221;][\/vc_mad_info_block_item][vc_mad_info_block_item icon=&#8221;licon-laptop-phone&#8221; title=&#8221;Tecnolog\u00eda&#8221; icon_color=&#8221;#ffffff&#8221; title_item_color=&#8221;#ffffff&#8221;][\/vc_mad_info_block_item][vc_mad_info_block_item icon=&#8221;licon-earth&#8221; title=&#8221;Idiomas&#8221; icon_color=&#8221;#ffffff&#8221; title_item_color=&#8221;#ffffff&#8221;][\/vc_mad_info_block_item][vc_mad_info_block_item icon=&#8221;licon-group-work&#8221; title=&#8221;Comunicaci\u00f3n asertiva&#8221; icon_color=&#8221;#ffffff&#8221; title_item_color=&#8221;#ffffff&#8221;][\/vc_mad_info_block_item][vc_mad_info_block_item icon=&#8221;licon-brain&#8221; title=&#8221;Neuroling\u00fc\u00edstica&#8221; icon_color=&#8221;#ffffff&#8221; title_item_color=&#8221;#ffffff&#8221;][\/vc_mad_info_block_item][vc_mad_info_block_item icon=&#8221;licon-lamp&#8221; title=&#8221;Emprendimiento&#8221; icon_color=&#8221;#ffffff&#8221; title_item_color=&#8221;#ffffff&#8221;][\/vc_mad_info_block_item][\/vc_mad_info_block][\/vc_column][\/vc_row]<\/p>\n","protected":false},"excerpt":{"rendered":"<p>[vc_row equal_height=&#8221;yes&#8221; css=&#8221;.vc_custom_1631126228705{background-color: #fafafa !important;}&#8221;][vc_column parallax=&#8221;content-moving&#8221; parallax_image=&#8221;1893&#8243; parallax_speed_bg=&#8221;1.3&#8243; width=&#8221;1\/2&#8243;][vc_empty_space height=&#8221;500px&#8221;][\/vc_column][vc_column width=&#8221;1\/2&#8243; css=&#8221;.vc_custom_1643670729913{padding-top: 45px !important;padding-right: 40px !important;padding-bottom: 25px !important;padding-left: 40px !important;}&#8221;][vc_custom_heading source=&#8221;post_title&#8221; font_container=&#8221;tag:h2|text_align:left|color:%23003360&#8243;][vc_column_text]Potenciamos los dones y talentos naturales que hacen de [&hellip;]<\/p>\n","protected":false},"author":2,"featured_media":0,"parent":0,"menu_order":0,"comment_status":"closed","ping_status":"closed","template":"","meta":{"_joinchat":[],"footnotes":""},"class_list":["post-1719","page","type-page","status-publish","hentry"],"_links":{"self":[{"href":"https:\/\/lisel.edu.ec\/web\/wp-json\/wp\/v2\/pages\/1719","targetHints":{"allow":["GET"]}}],"collection":[{"href":"https:\/\/lisel.edu.ec\/web\/wp-json\/wp\/v2\/pages"}],"about":[{"href":"https:\/\/lisel.edu.ec\/web\/wp-json\/wp\/v2\/types\/page"}],"author":[{"embeddable":true,"href":"https:\/\/lisel.edu.ec\/web\/wp-json\/wp\/v2\/users\/2"}],"replies":[{"embeddable":true,"href":"https:\/\/lisel.edu.ec\/web\/wp-json\/wp\/v2\/comments?post=1719"}],"version-history":[{"count":15,"href":"https:\/\/lisel.edu.ec\/web\/wp-json\/wp\/v2\/pages\/1719\/revisions"}],"predecessor-version":[{"id":2043,"href":"https:\/\/lisel.edu.ec\/web\/wp-json\/wp\/v2\/pages\/1719\/revisions\/2043"}],"wp:attachment":[{"href":"https:\/\/lisel.edu.ec\/web\/wp-json\/wp\/v2\/media?parent=1719"}],"curies":[{"name":"wp","href":"https:\/\/api.w.org\/{rel}","templated":true}]}}