{"id":1695,"date":"2021-09-08T18:19:32","date_gmt":"2021-09-08T18:19:32","guid":{"rendered":"https:\/\/lisel.edu.ec\/web\/?page_id=1695"},"modified":"2023-01-23T08:54:29","modified_gmt":"2023-01-23T08:54:29","slug":"modelo-pedagogico","status":"publish","type":"page","link":"https:\/\/lisel.edu.ec\/web\/modelo-pedagogico\/","title":{"rendered":"Modelo Pedag\u00f3gico"},"content":{"rendered":"<p>[vc_row equal_height=&#8221;yes&#8221; css=&#8221;.vc_custom_1631126228705{background-color: #fafafa !important;}&#8221;][vc_column parallax=&#8221;content-moving&#8221; parallax_image=&#8221;1910&#8243; parallax_speed_bg=&#8221;1.4&#8243; width=&#8221;1\/2&#8243;][vc_empty_space height=&#8221;200px&#8221;][\/vc_column][vc_column width=&#8221;1\/2&#8243; css=&#8221;.vc_custom_1631123756006{padding: 40px !important;}&#8221;][vc_custom_heading source=&#8221;post_title&#8221; font_container=&#8221;tag:h2|text_align:left|color:%23003360&#8243;][vc_column_text]Desarrollista es un modelo pedag\u00f3gico eje fundamental es aprender haciendo &#8220;Learning By Doing&#8221;.<\/p>\n<p>La experiencia de los estudiantes los hace progresar continuamente, desarrollarse, evolucionar secuencialmente en las estructuras cognitivas para acceder a conocimientos cada vez m\u00e1s elaborados.<\/p>\n<p>Esta metodolog\u00eda permite lleva todos los conceptos aprendidos a la practica y ense\u00f1a que los estudiantes puedan desarrollar su pensamiento critico desde una temprana edad.<\/p>\n<p>En nuestro campus de inicial trabajamos con rincones de aprendizaje para que los estudiantes de preescolar desarrollen su conocimiento y destreza.<\/p>\n<p>Es John Dewey y su escuela progresista el gran impulsor de la &#8220;pedagog\u00eda de la acci\u00f3n&#8221; a nivel mundial. Autor de la m\u00e1xima &#8220;Aprender Haciendo&#8221;, reporta que existen muchas ventajas\u00a0 en este tipo de metodolog\u00eda ya que el estudiante se sumerge en una verdadera experiencia por aprender de sus propios errores, hasta obtener la respuesta correcta.[\/vc_column_text][\/vc_column][\/vc_row][vc_row equal_height=&#8221;yes&#8221; css=&#8221;.vc_custom_1631126216557{background-color: #e8e8e8 !important;}&#8221;][vc_column width=&#8221;1\/2&#8243; css=&#8221;.vc_custom_1631123756006{padding: 40px !important;}&#8221;][vc_empty_space height=&#8221;50px&#8221;][vc_custom_heading text=&#8221;Huerto&#8221; font_container=&#8221;tag:h2|text_align:left|color:%23003360&#8243;][vc_column_text]Mediante esta actividad los estudiantes desarrollan conocimientos sobre como cuidar las plantas, el clima, o las reacciones qu\u00edmicas, matem\u00e1ticas, calculo. Por medio de problem\u00e1ticas los estudiantes adquieren aprendizajes que no van a olvidar f\u00e1cilmente.[\/vc_column_text][\/vc_column][vc_column parallax=&#8221;content-moving&#8221; parallax_image=&#8221;1912&#8243; width=&#8221;1\/2&#8243;][vc_empty_space height=&#8221;470px&#8221;][\/vc_column][\/vc_row][vc_row][vc_column][vc_empty_space height=&#8221;100px&#8221;][\/vc_column][\/vc_row][vc_row full_width=&#8221;stretch_row&#8221; content_placement=&#8221;middle&#8221; parallax=&#8221;content-moving&#8221; parallax_image=&#8221;2040&#8243; css=&#8221;.vc_custom_1674464064535{margin-top: -20px !important;padding-top: 90px !important;padding-bottom: 70px !important;}&#8221; el_id=&#8221;iconos2&#8243;][vc_column][vc_mad_info_block tag_title=&#8221;h2&#8243; title_align=&#8221;align-center&#8221; description_align=&#8221;align-center&#8221; type=&#8221;type-2&#8243; columns=&#8221;3&#8243; title_color=&#8221;#ffffff&#8221; description_color=&#8221;#e9e9e9&#8243; title=&#8221;Nuestro plan de estudios&#8221; description=&#8221;Hemos innovando el modelo educativo&#8221;][vc_mad_info_block_item icon=&#8221;licon-heart&#8221; title=&#8221;Valores&#8221; icon_color=&#8221;#ffffff&#8221; title_item_color=&#8221;#ffffff&#8221;][\/vc_mad_info_block_item][vc_mad_info_block_item icon=&#8221;licon-laptop-phone&#8221; title=&#8221;Tecnolog\u00eda&#8221; icon_color=&#8221;#ffffff&#8221; title_item_color=&#8221;#ffffff&#8221;][\/vc_mad_info_block_item][vc_mad_info_block_item icon=&#8221;licon-earth&#8221; title=&#8221;Idiomas&#8221; icon_color=&#8221;#ffffff&#8221; title_item_color=&#8221;#ffffff&#8221;][\/vc_mad_info_block_item][vc_mad_info_block_item icon=&#8221;licon-group-work&#8221; title=&#8221;Comunicaci\u00f3n asertiva&#8221; icon_color=&#8221;#ffffff&#8221; title_item_color=&#8221;#ffffff&#8221;][\/vc_mad_info_block_item][vc_mad_info_block_item icon=&#8221;licon-brain&#8221; title=&#8221;Neuroling\u00fc\u00edstica&#8221; icon_color=&#8221;#ffffff&#8221; title_item_color=&#8221;#ffffff&#8221;][\/vc_mad_info_block_item][vc_mad_info_block_item icon=&#8221;licon-lamp&#8221; title=&#8221;Emprendimiento&#8221; icon_color=&#8221;#ffffff&#8221; title_item_color=&#8221;#ffffff&#8221;][\/vc_mad_info_block_item][\/vc_mad_info_block][\/vc_column][\/vc_row]<\/p>\n","protected":false},"excerpt":{"rendered":"<p>[vc_row equal_height=&#8221;yes&#8221; css=&#8221;.vc_custom_1631126228705{background-color: #fafafa !important;}&#8221;][vc_column parallax=&#8221;content-moving&#8221; parallax_image=&#8221;1910&#8243; parallax_speed_bg=&#8221;1.4&#8243; width=&#8221;1\/2&#8243;][vc_empty_space height=&#8221;200px&#8221;][\/vc_column][vc_column width=&#8221;1\/2&#8243; css=&#8221;.vc_custom_1631123756006{padding: 40px !important;}&#8221;][vc_custom_heading source=&#8221;post_title&#8221; font_container=&#8221;tag:h2|text_align:left|color:%23003360&#8243;][vc_column_text]Desarrollista es un modelo pedag\u00f3gico eje fundamental es aprender haciendo &#8220;Learning By Doing&#8221;. La experiencia [&hellip;]<\/p>\n","protected":false},"author":2,"featured_media":0,"parent":0,"menu_order":0,"comment_status":"closed","ping_status":"closed","template":"","meta":{"_joinchat":[],"footnotes":""},"class_list":["post-1695","page","type-page","status-publish","hentry"],"_links":{"self":[{"href":"https:\/\/lisel.edu.ec\/web\/wp-json\/wp\/v2\/pages\/1695","targetHints":{"allow":["GET"]}}],"collection":[{"href":"https:\/\/lisel.edu.ec\/web\/wp-json\/wp\/v2\/pages"}],"about":[{"href":"https:\/\/lisel.edu.ec\/web\/wp-json\/wp\/v2\/types\/page"}],"author":[{"embeddable":true,"href":"https:\/\/lisel.edu.ec\/web\/wp-json\/wp\/v2\/users\/2"}],"replies":[{"embeddable":true,"href":"https:\/\/lisel.edu.ec\/web\/wp-json\/wp\/v2\/comments?post=1695"}],"version-history":[{"count":15,"href":"https:\/\/lisel.edu.ec\/web\/wp-json\/wp\/v2\/pages\/1695\/revisions"}],"predecessor-version":[{"id":2041,"href":"https:\/\/lisel.edu.ec\/web\/wp-json\/wp\/v2\/pages\/1695\/revisions\/2041"}],"wp:attachment":[{"href":"https:\/\/lisel.edu.ec\/web\/wp-json\/wp\/v2\/media?parent=1695"}],"curies":[{"name":"wp","href":"https:\/\/api.w.org\/{rel}","templated":true}]}}