{"id":1687,"date":"2021-09-08T17:48:29","date_gmt":"2021-09-08T17:48:29","guid":{"rendered":"https:\/\/lisel.edu.ec\/web\/?page_id=1687"},"modified":"2023-01-23T08:52:14","modified_gmt":"2023-01-23T08:52:14","slug":"personal-docente","status":"publish","type":"page","link":"https:\/\/lisel.edu.ec\/web\/personal-docente\/","title":{"rendered":"Personal Docente"},"content":{"rendered":"<p>[vc_row][vc_column][vc_empty_space height=&#8221;55px&#8221;][vc_column_text]<\/p>\n<blockquote>\n<h5 style=\"text-align: center;\"><span style=\"color: #00c3d1;\"><em>Nuestro cuerpo docente garantiza la excelencia:<\/em><\/span><\/h5>\n<\/blockquote>\n<p>[\/vc_column_text][vc_empty_space height=&#8221;15px&#8221;][\/vc_column][\/vc_row][vc_row][vc_column width=&#8221;1\/2&#8243;][vc_single_image image=&#8221;2021&#8243; img_size=&#8221;full&#8221; alignment=&#8221;center&#8221; style=&#8221;vc_box_outline&#8221; onclick=&#8221;link_image&#8221;][vc_empty_space height=&#8221;12px&#8221;][\/vc_column][vc_column width=&#8221;1\/2&#8243;][vc_column_text]<strong>Psic\u00f3loga Mar\u00eda Jos\u00e9 Escobar Hormaza<\/strong><br \/>\n<strong>RECTORA<\/strong><\/p>\n<p>Bienvenidos a tu segundo hogar , la Unidad Educativa Campestre LISEL. Un lugar vibrante donde valoramos opiniones, talentos y los desafiamos a alcanzar niveles m\u00e1s altos de comprensi\u00f3n, curiosidad y exploraci\u00f3n, todo en un marco de respeto y amabilidad con educadores comprometidos en un programa hol\u00edstico.<\/p>\n<p>&nbsp;<\/p>\n<p>El a\u00f1o lectivo 2022-2023 ha empezado y con ellos nuevos amigos para conocer, experiencias que vivir y retos por afrontar.<\/p>\n<p>Bienvenidos a formar parte de la <strong>Unidad Educativa Campestre LISEL.<\/strong>[\/vc_column_text][\/vc_column][\/vc_row][vc_row][vc_column][vc_empty_space height=&#8221;55px&#8221;][vc_column_text]<\/p>\n<blockquote>\n<h5 style=\"text-align: center;\"><span style=\"color: #00c3d1;\"><em>Ofrecemos una renovada propuesta hol\u00edstica con la que nos comprometemos a desarrollar de forma integra todas las competencias de sus hijos.<\/em><\/span><\/h5>\n<\/blockquote>\n<p>[\/vc_column_text][vc_empty_space height=&#8221;55px&#8221;][\/vc_column][\/vc_row][vc_row][vc_column][vc_empty_space height=&#8221;55px&#8221;][vc_gallery columns=&#8221;2&#8243; images=&#8221;2025,2026,2027,2028,2029,2030,2031,2032,2033,2034,2035,2023&#8243; css=&#8221;.vc_custom_1674463930035{margin-top: 10px !important;margin-right: 10px !important;margin-bottom: 10px !important;margin-left: 10px !important;border-top-width: 10px !important;border-right-width: 10px !important;border-bottom-width: 10px !important;border-left-width: 10px !important;padding-top: 10px !important;padding-right: 10px !important;padding-bottom: 10px !important;padding-left: 10px !important;}&#8221;][vc_empty_space height=&#8221;55px&#8221;][\/vc_column][\/vc_row][vc_row][vc_column width=&#8221;1\/6&#8243;][\/vc_column][vc_column width=&#8221;2\/3&#8243;][vc_empty_space height=&#8221;70px&#8221;][vc_custom_heading text=&#8221;Excelencia Acad\u00e9mica y Biling\u00fcismo&#8221; font_container=&#8221;tag:h2|text_align:center|color:%23002859&#8243;][vc_column_text]Contamos con un cuerpo docente con elevado est\u00e1ndar pues si queremos contar con \u00f3ptimos estudiantes universitarios es en la educaci\u00f3n inicial, b\u00e1sica y bachillerato donde se debe formar al estudiante con los mejor profesores.<\/p>\n<p>Contamos con docentes cien por ciento biling\u00fces capacitados, no solamente para la ense\u00f1anza de ingles, sino aptos para impartir matem\u00e1ticas, arte y ciencias en ingles.[\/vc_column_text][vc_empty_space height=&#8221;100px&#8221;][\/vc_column][vc_column width=&#8221;1\/6&#8243;][\/vc_column][\/vc_row][vc_row full_width=&#8221;stretch_row&#8221; content_placement=&#8221;middle&#8221; parallax=&#8221;content-moving&#8221; parallax_image=&#8221;328&#8243; css=&#8221;.vc_custom_1631118384430{margin-top: -20px !important;padding-top: 90px !important;padding-bottom: 70px !important;}&#8221; el_id=&#8221;iconos2&#8243;][vc_column][vc_mad_info_block tag_title=&#8221;h2&#8243; title_align=&#8221;align-center&#8221; description_align=&#8221;align-center&#8221; type=&#8221;type-2&#8243; columns=&#8221;3&#8243; title_color=&#8221;#ffffff&#8221; description_color=&#8221;#e9e9e9&#8243; title=&#8221;Nuestro plan de estudios&#8221; description=&#8221;Hemos innovando el modelo educativo&#8221;][vc_mad_info_block_item icon=&#8221;licon-heart&#8221; title=&#8221;heart&#8221; icon_color=&#8221;#ffffff&#8221; title_item_color=&#8221;#ffffff&#8221;][\/vc_mad_info_block_item][vc_mad_info_block_item icon=&#8221;licon-laptop-phone&#8221; title=&#8221;Tecnolog\u00eda&#8221; icon_color=&#8221;#ffffff&#8221; title_item_color=&#8221;#ffffff&#8221;][\/vc_mad_info_block_item][vc_mad_info_block_item icon=&#8221;licon-earth&#8221; title=&#8221;Idiomas&#8221; icon_color=&#8221;#ffffff&#8221; title_item_color=&#8221;#ffffff&#8221;][\/vc_mad_info_block_item][vc_mad_info_block_item icon=&#8221;licon-group-work&#8221; title=&#8221;Comunicaci\u00f3n asertiva&#8221; icon_color=&#8221;#ffffff&#8221; title_item_color=&#8221;#ffffff&#8221;][\/vc_mad_info_block_item][vc_mad_info_block_item icon=&#8221;licon-brain&#8221; title=&#8221;Neuroling\u00fc\u00edstica&#8221; icon_color=&#8221;#ffffff&#8221; title_item_color=&#8221;#ffffff&#8221;][\/vc_mad_info_block_item][vc_mad_info_block_item icon=&#8221;licon-lamp&#8221; title=&#8221;Emprendimiento&#8221; icon_color=&#8221;#ffffff&#8221; title_item_color=&#8221;#ffffff&#8221;][\/vc_mad_info_block_item][\/vc_mad_info_block][\/vc_column][\/vc_row]<\/p>\n","protected":false},"excerpt":{"rendered":"<p>[vc_row][vc_column][vc_empty_space height=&#8221;55px&#8221;][vc_column_text] Nuestro cuerpo docente garantiza la excelencia: [\/vc_column_text][vc_empty_space height=&#8221;15px&#8221;][\/vc_column][\/vc_row][vc_row][vc_column width=&#8221;1\/2&#8243;][vc_single_image image=&#8221;2021&#8243; img_size=&#8221;full&#8221; alignment=&#8221;center&#8221; style=&#8221;vc_box_outline&#8221; onclick=&#8221;link_image&#8221;][vc_empty_space height=&#8221;12px&#8221;][\/vc_column][vc_column width=&#8221;1\/2&#8243;][vc_column_text]Psic\u00f3loga Mar\u00eda Jos\u00e9 Escobar Hormaza RECTORA Bienvenidos a tu segundo hogar , la [&hellip;]<\/p>\n","protected":false},"author":2,"featured_media":0,"parent":0,"menu_order":0,"comment_status":"closed","ping_status":"closed","template":"","meta":{"_joinchat":[],"footnotes":""},"class_list":["post-1687","page","type-page","status-publish","hentry"],"_links":{"self":[{"href":"https:\/\/lisel.edu.ec\/web\/wp-json\/wp\/v2\/pages\/1687","targetHints":{"allow":["GET"]}}],"collection":[{"href":"https:\/\/lisel.edu.ec\/web\/wp-json\/wp\/v2\/pages"}],"about":[{"href":"https:\/\/lisel.edu.ec\/web\/wp-json\/wp\/v2\/types\/page"}],"author":[{"embeddable":true,"href":"https:\/\/lisel.edu.ec\/web\/wp-json\/wp\/v2\/users\/2"}],"replies":[{"embeddable":true,"href":"https:\/\/lisel.edu.ec\/web\/wp-json\/wp\/v2\/comments?post=1687"}],"version-history":[{"count":29,"href":"https:\/\/lisel.edu.ec\/web\/wp-json\/wp\/v2\/pages\/1687\/revisions"}],"predecessor-version":[{"id":2039,"href":"https:\/\/lisel.edu.ec\/web\/wp-json\/wp\/v2\/pages\/1687\/revisions\/2039"}],"wp:attachment":[{"href":"https:\/\/lisel.edu.ec\/web\/wp-json\/wp\/v2\/media?parent=1687"}],"curies":[{"name":"wp","href":"https:\/\/api.w.org\/{rel}","templated":true}]}}